{"id":741,"date":"2021-10-29T08:15:42","date_gmt":"2021-10-29T08:15:42","guid":{"rendered":"https:\/\/demo.athemes.com\/sydney-main\/?page_id=5"},"modified":"2024-06-30T19:47:37","modified_gmt":"2024-06-30T17:47:37","slug":"my-front-page","status":"publish","type":"page","link":"https:\/\/centrumrozwoju.edu.pl\/","title":{"rendered":"My front page"},"content":{"rendered":"\t\t<div data-elementor-type=\"wp-page\" data-elementor-id=\"741\" class=\"elementor elementor-741\">\n\t\t\t\t\t\t<section class=\"elementor-section elementor-top-section elementor-element elementor-element-55fef1c elementor-section-boxed elementor-section-height-default elementor-section-height-default\" data-id=\"55fef1c\" data-element_type=\"section\" data-e-type=\"section\" data-settings=\"{&quot;background_background&quot;:&quot;classic&quot;}\">\n\t\t\t\t\t\t\t<div class=\"elementor-background-overlay\"><\/div>\n\t\t\t\t\t\t\t<div class=\"elementor-container elementor-column-gap-default\">\n\t\t\t\t\t<div class=\"elementor-column elementor-col-100 elementor-top-column elementor-element elementor-element-7a87d59\" data-id=\"7a87d59\" data-element_type=\"column\" data-e-type=\"column\">\n\t\t\t<div class=\"elementor-widget-wrap elementor-element-populated\">\n\t\t\t\t\t\t<section class=\"elementor-section elementor-inner-section elementor-element elementor-element-9b14d33 elementor-section-boxed elementor-section-height-default elementor-section-height-default\" data-id=\"9b14d33\" data-element_type=\"section\" data-e-type=\"section\">\n\t\t\t\t\t\t<div class=\"elementor-container elementor-column-gap-no\">\n\t\t\t\t\t<div class=\"elementor-column elementor-col-33 elementor-inner-column elementor-element elementor-element-dbe7de2\" data-id=\"dbe7de2\" data-element_type=\"column\" data-e-type=\"column\">\n\t\t\t<div class=\"elementor-widget-wrap\">\n\t\t\t\t\t\t\t<\/div>\n\t\t<\/div>\n\t\t\t\t<div class=\"elementor-column elementor-col-33 elementor-inner-column elementor-element elementor-element-440f727\" data-id=\"440f727\" data-element_type=\"column\" data-e-type=\"column\">\n\t\t\t<div class=\"elementor-widget-wrap elementor-element-populated\">\n\t\t\t\t\t\t<div class=\"elementor-element elementor-element-d787a31 elementor-widget elementor-widget-heading\" data-id=\"d787a31\" data-element_type=\"widget\" data-e-type=\"widget\" data-widget_type=\"heading.default\">\n\t\t\t\t<div class=\"elementor-widget-container\">\n\t\t\t\t\t<h2 class=\"elementor-heading-title elementor-size-default\"><span style=\"font-size: 35px;white-space: normal\">\u201cNie musisz by\u0107 \u015bwietny, by zacz\u0105\u0107,<\/span><br><div><span style=\"white-space: normal;font-size: 35px\">ale musisz zacz\u0105\u0107, by by\u0107 \u015bwietnym.\u201d<\/span><\/div><\/h2>\t\t\t\t<\/div>\n\t\t\t\t<\/div>\n\t\t\t\t\t<\/div>\n\t\t<\/div>\n\t\t\t\t<div class=\"elementor-column elementor-col-33 elementor-inner-column elementor-element elementor-element-9e6021b\" data-id=\"9e6021b\" data-element_type=\"column\" data-e-type=\"column\">\n\t\t\t<div class=\"elementor-widget-wrap\">\n\t\t\t\t\t\t\t<\/div>\n\t\t<\/div>\n\t\t\t\t\t<\/div>\n\t\t<\/section>\n\t\t\t\t<section class=\"elementor-section elementor-inner-section elementor-element elementor-element-74ebee1 elementor-section-boxed elementor-section-height-default elementor-section-height-default\" data-id=\"74ebee1\" data-element_type=\"section\" data-e-type=\"section\">\n\t\t\t\t\t\t<div class=\"elementor-container elementor-column-gap-no\">\n\t\t\t\t\t<div class=\"elementor-column elementor-col-50 elementor-inner-column elementor-element elementor-element-4c5ea3c\" data-id=\"4c5ea3c\" data-element_type=\"column\" data-e-type=\"column\">\n\t\t\t<div class=\"elementor-widget-wrap elementor-element-populated\">\n\t\t\t\t\t\t<div class=\"elementor-element elementor-element-ee7e7aa elementor-align-right elementor-mobile-align-center elementor-widget elementor-widget-button\" data-id=\"ee7e7aa\" data-element_type=\"widget\" data-e-type=\"widget\" data-widget_type=\"button.default\">\n\t\t\t\t<div class=\"elementor-widget-container\">\n\t\t\t\t\t\t\t\t\t<div class=\"elementor-button-wrapper\">\n\t\t\t\t\t<a class=\"elementor-button elementor-button-link elementor-size-sm\" href=\"#\">\n\t\t\t\t\t\t<span class=\"elementor-button-content-wrapper\">\n\t\t\t\t\t\t\t\t\t<span class=\"elementor-button-text\">CELE STATUOWE<\/span>\n\t\t\t\t\t<\/span>\n\t\t\t\t\t<\/a>\n\t\t\t\t<\/div>\n\t\t\t\t\t\t\t\t<\/div>\n\t\t\t\t<\/div>\n\t\t\t\t\t<\/div>\n\t\t<\/div>\n\t\t\t\t<div class=\"elementor-column elementor-col-50 elementor-inner-column elementor-element elementor-element-f07fbd9\" data-id=\"f07fbd9\" data-element_type=\"column\" data-e-type=\"column\">\n\t\t\t<div class=\"elementor-widget-wrap elementor-element-populated\">\n\t\t\t\t\t\t<div class=\"elementor-element elementor-element-8bb03ca elementor-align-left elementor-mobile-align-center elementor-widget elementor-widget-button\" data-id=\"8bb03ca\" data-element_type=\"widget\" data-e-type=\"widget\" data-widget_type=\"button.default\">\n\t\t\t\t<div class=\"elementor-widget-container\">\n\t\t\t\t\t\t\t\t\t<div class=\"elementor-button-wrapper\">\n\t\t\t\t\t<a class=\"elementor-button elementor-button-link elementor-size-sm\" href=\"#\">\n\t\t\t\t\t\t<span class=\"elementor-button-content-wrapper\">\n\t\t\t\t\t\t\t\t\t<span class=\"elementor-button-text\">NASZE PROJEKTY<\/span>\n\t\t\t\t\t<\/span>\n\t\t\t\t\t<\/a>\n\t\t\t\t<\/div>\n\t\t\t\t\t\t\t\t<\/div>\n\t\t\t\t<\/div>\n\t\t\t\t\t<\/div>\n\t\t<\/div>\n\t\t\t\t\t<\/div>\n\t\t<\/section>\n\t\t\t\t\t<\/div>\n\t\t<\/div>\n\t\t\t\t\t<\/div>\n\t\t<\/section>\n\t\t\t\t<section class=\"elementor-section elementor-top-section elementor-element elementor-element-8379181 elementor-section-content-middle elementor-reverse-mobile elementor-section-boxed elementor-section-height-default elementor-section-height-default\" data-id=\"8379181\" data-element_type=\"section\" data-e-type=\"section\" data-settings=\"{&quot;background_background&quot;:&quot;classic&quot;}\">\n\t\t\t\t\t\t<div class=\"elementor-container elementor-column-gap-default\">\n\t\t\t\t\t<div class=\"elementor-column elementor-col-50 elementor-top-column elementor-element elementor-element-39caae5\" data-id=\"39caae5\" data-element_type=\"column\" data-e-type=\"column\">\n\t\t\t<div class=\"elementor-widget-wrap elementor-element-populated\">\n\t\t\t\t\t\t<div class=\"elementor-element elementor-element-8867ee0 elementor-widget elementor-widget-heading\" data-id=\"8867ee0\" data-element_type=\"widget\" data-e-type=\"widget\" data-widget_type=\"heading.default\">\n\t\t\t\t<div class=\"elementor-widget-container\">\n\t\t\t\t\t<h6 class=\"elementor-heading-title elementor-size-default\">NASZE PROJEKTY<\/h6>\t\t\t\t<\/div>\n\t\t\t\t<\/div>\n\t\t\t\t<div class=\"elementor-element elementor-element-55a8a2a elementor-widget elementor-widget-heading\" data-id=\"55a8a2a\" data-element_type=\"widget\" data-e-type=\"widget\" data-widget_type=\"heading.default\">\n\t\t\t\t<div class=\"elementor-widget-container\">\n\t\t\t\t\t<h2 class=\"elementor-heading-title elementor-size-default\">Poinformowani studenci<\/h2>\t\t\t\t<\/div>\n\t\t\t\t<\/div>\n\t\t\t\t<div class=\"elementor-element elementor-element-964a475 elementor-widget elementor-widget-text-editor\" data-id=\"964a475\" data-element_type=\"widget\" data-e-type=\"widget\" data-widget_type=\"text-editor.default\">\n\t\t\t\t<div class=\"elementor-widget-container\">\n\t\t\t\t\t\t\t\t\t<p>Projekt pn. &#8222;Poinformowani studenci &#8211; dost\u0119p do informacji dla student\u00f3w&#8221; zak\u0142ada realizacj\u0119 cz\u0119\u015bci dzia\u0142a\u0144 w formie stacjonarnej w ca\u0142ej Polsce oraz w formie online.<\/p>\t\t\t\t\t\t\t\t<\/div>\n\t\t\t\t<\/div>\n\t\t\t\t<div class=\"elementor-element elementor-element-3318f39 elementor-align-left elementor-widget elementor-widget-button\" data-id=\"3318f39\" data-element_type=\"widget\" data-e-type=\"widget\" data-widget_type=\"button.default\">\n\t\t\t\t<div class=\"elementor-widget-container\">\n\t\t\t\t\t\t\t\t\t<div class=\"elementor-button-wrapper\">\n\t\t\t\t\t<a class=\"elementor-button elementor-button-link elementor-size-sm\" href=\"#\">\n\t\t\t\t\t\t<span class=\"elementor-button-content-wrapper\">\n\t\t\t\t\t\t\t\t\t<span class=\"elementor-button-text\">ZOBACZ WI\u0118CEJ<\/span>\n\t\t\t\t\t<\/span>\n\t\t\t\t\t<\/a>\n\t\t\t\t<\/div>\n\t\t\t\t\t\t\t\t<\/div>\n\t\t\t\t<\/div>\n\t\t\t\t\t<\/div>\n\t\t<\/div>\n\t\t\t\t<div class=\"elementor-column elementor-col-50 elementor-top-column elementor-element elementor-element-06d9e92\" data-id=\"06d9e92\" data-element_type=\"column\" data-e-type=\"column\">\n\t\t\t<div class=\"elementor-widget-wrap elementor-element-populated\">\n\t\t\t\t\t\t<div class=\"elementor-element elementor-element-bd55c99 stretch-right elementor-widget elementor-widget-image\" data-id=\"bd55c99\" data-element_type=\"widget\" data-e-type=\"widget\" data-widget_type=\"image.default\">\n\t\t\t\t<div class=\"elementor-widget-container\">\n\t\t\t\t\t\t\t\t\t\t\t\t\t\t\t<img fetchpriority=\"high\" decoding=\"async\" width=\"1000\" height=\"600\" src=\"https:\/\/centrumrozwoju.edu.pl\/wp-content\/uploads\/2024\/06\/poinformowani-studenci-min.png\" class=\"attachment-large size-large wp-image-750\" alt=\"\" srcset=\"https:\/\/centrumrozwoju.edu.pl\/wp-content\/uploads\/2024\/06\/poinformowani-studenci-min.png 1000w, https:\/\/centrumrozwoju.edu.pl\/wp-content\/uploads\/2024\/06\/poinformowani-studenci-min-300x180.png 300w, https:\/\/centrumrozwoju.edu.pl\/wp-content\/uploads\/2024\/06\/poinformowani-studenci-min-768x461.png 768w, https:\/\/centrumrozwoju.edu.pl\/wp-content\/uploads\/2024\/06\/poinformowani-studenci-min-230x138.png 230w, https:\/\/centrumrozwoju.edu.pl\/wp-content\/uploads\/2024\/06\/poinformowani-studenci-min-350x210.png 350w, https:\/\/centrumrozwoju.edu.pl\/wp-content\/uploads\/2024\/06\/poinformowani-studenci-min-480x288.png 480w\" sizes=\"(max-width: 1000px) 100vw, 1000px\" \/>\t\t\t\t\t\t\t\t\t\t\t\t\t\t\t<\/div>\n\t\t\t\t<\/div>\n\t\t\t\t\t<\/div>\n\t\t<\/div>\n\t\t\t\t\t<\/div>\n\t\t<\/section>\n\t\t\t\t<section class=\"elementor-section elementor-top-section elementor-element elementor-element-8d95cd6 elementor-section-content-middle elementor-section-boxed elementor-section-height-default elementor-section-height-default\" data-id=\"8d95cd6\" data-element_type=\"section\" data-e-type=\"section\" data-settings=\"{&quot;background_background&quot;:&quot;classic&quot;}\">\n\t\t\t\t\t\t<div class=\"elementor-container elementor-column-gap-default\">\n\t\t\t\t\t<div class=\"elementor-column elementor-col-50 elementor-top-column elementor-element elementor-element-e97b8fc\" data-id=\"e97b8fc\" data-element_type=\"column\" data-e-type=\"column\">\n\t\t\t<div class=\"elementor-widget-wrap elementor-element-populated\">\n\t\t\t\t\t\t<div class=\"elementor-element elementor-element-51fbeef stretch-left elementor-widget elementor-widget-image\" data-id=\"51fbeef\" data-element_type=\"widget\" data-e-type=\"widget\" data-widget_type=\"image.default\">\n\t\t\t\t<div class=\"elementor-widget-container\">\n\t\t\t\t\t\t\t\t\t\t\t\t\t\t\t<img decoding=\"async\" width=\"1000\" height=\"600\" src=\"https:\/\/centrumrozwoju.edu.pl\/wp-content\/uploads\/2024\/06\/PRAWA-STUDENTA.png\" class=\"attachment-large size-large wp-image-749\" alt=\"\" srcset=\"https:\/\/centrumrozwoju.edu.pl\/wp-content\/uploads\/2024\/06\/PRAWA-STUDENTA.png 1000w, https:\/\/centrumrozwoju.edu.pl\/wp-content\/uploads\/2024\/06\/PRAWA-STUDENTA-300x180.png 300w, https:\/\/centrumrozwoju.edu.pl\/wp-content\/uploads\/2024\/06\/PRAWA-STUDENTA-768x461.png 768w, https:\/\/centrumrozwoju.edu.pl\/wp-content\/uploads\/2024\/06\/PRAWA-STUDENTA-230x138.png 230w, https:\/\/centrumrozwoju.edu.pl\/wp-content\/uploads\/2024\/06\/PRAWA-STUDENTA-350x210.png 350w, https:\/\/centrumrozwoju.edu.pl\/wp-content\/uploads\/2024\/06\/PRAWA-STUDENTA-480x288.png 480w\" sizes=\"(max-width: 1000px) 100vw, 1000px\" \/>\t\t\t\t\t\t\t\t\t\t\t\t\t\t\t<\/div>\n\t\t\t\t<\/div>\n\t\t\t\t\t<\/div>\n\t\t<\/div>\n\t\t\t\t<div class=\"elementor-column elementor-col-50 elementor-top-column elementor-element elementor-element-16f4b9d\" data-id=\"16f4b9d\" data-element_type=\"column\" data-e-type=\"column\">\n\t\t\t<div class=\"elementor-widget-wrap elementor-element-populated\">\n\t\t\t\t\t\t<div class=\"elementor-element elementor-element-956bba1 elementor-widget elementor-widget-heading\" data-id=\"956bba1\" data-element_type=\"widget\" data-e-type=\"widget\" data-widget_type=\"heading.default\">\n\t\t\t\t<div class=\"elementor-widget-container\">\n\t\t\t\t\t<h6 class=\"elementor-heading-title elementor-size-default\">NASZE PROJEKTY<\/h6>\t\t\t\t<\/div>\n\t\t\t\t<\/div>\n\t\t\t\t<div class=\"elementor-element elementor-element-31b9076 elementor-widget elementor-widget-heading\" data-id=\"31b9076\" data-element_type=\"widget\" data-e-type=\"widget\" data-widget_type=\"heading.default\">\n\t\t\t\t<div class=\"elementor-widget-container\">\n\t\t\t\t\t<h2 class=\"elementor-heading-title elementor-size-default\">Prawa studenta<\/h2>\t\t\t\t<\/div>\n\t\t\t\t<\/div>\n\t\t\t\t<div class=\"elementor-element elementor-element-df4c0ef elementor-widget elementor-widget-text-editor\" data-id=\"df4c0ef\" data-element_type=\"widget\" data-e-type=\"widget\" data-widget_type=\"text-editor.default\">\n\t\t\t\t<div class=\"elementor-widget-container\">\n\t\t\t\t\t\t\t\t\t<p>Inicjatywa maj\u0105ca na celu edukacj\u0119 student\u00f3w na temat ich praw i obowi\u0105zk\u00f3w w ramach systemu szkolnictwa wy\u017cszego, aby umo\u017cliwi\u0107 im skuteczn\u0105 obron\u0119 swoich interes\u00f3w i wspiera\u0107 ich aktywne uczestnictwo w \u017cyciu akademickim.<\/p>\t\t\t\t\t\t\t\t<\/div>\n\t\t\t\t<\/div>\n\t\t\t\t<div class=\"elementor-element elementor-element-c6a69c7 elementor-align-left elementor-widget elementor-widget-button\" data-id=\"c6a69c7\" data-element_type=\"widget\" data-e-type=\"widget\" data-widget_type=\"button.default\">\n\t\t\t\t<div class=\"elementor-widget-container\">\n\t\t\t\t\t\t\t\t\t<div class=\"elementor-button-wrapper\">\n\t\t\t\t\t<a class=\"elementor-button elementor-button-link elementor-size-sm\" href=\"#\">\n\t\t\t\t\t\t<span class=\"elementor-button-content-wrapper\">\n\t\t\t\t\t\t\t\t\t<span class=\"elementor-button-text\">ZOBACZ WI\u0118CEJ<\/span>\n\t\t\t\t\t<\/span>\n\t\t\t\t\t<\/a>\n\t\t\t\t<\/div>\n\t\t\t\t\t\t\t\t<\/div>\n\t\t\t\t<\/div>\n\t\t\t\t\t<\/div>\n\t\t<\/div>\n\t\t\t\t\t<\/div>\n\t\t<\/section>\n\t\t\t\t<section class=\"elementor-section elementor-top-section elementor-element elementor-element-f6fc463 elementor-section-content-middle elementor-section-boxed elementor-section-height-default elementor-section-height-default\" data-id=\"f6fc463\" data-element_type=\"section\" data-e-type=\"section\">\n\t\t\t\t\t\t<div class=\"elementor-container elementor-column-gap-default\">\n\t\t\t\t\t<div class=\"elementor-column elementor-col-50 elementor-top-column elementor-element elementor-element-2e6a403\" data-id=\"2e6a403\" data-element_type=\"column\" data-e-type=\"column\">\n\t\t\t<div class=\"elementor-widget-wrap elementor-element-populated\">\n\t\t\t\t\t\t<div class=\"elementor-element elementor-element-590e01f elementor-widget elementor-widget-heading\" data-id=\"590e01f\" data-element_type=\"widget\" data-e-type=\"widget\" data-widget_type=\"heading.default\">\n\t\t\t\t<div class=\"elementor-widget-container\">\n\t\t\t\t\t<h2 class=\"elementor-heading-title elementor-size-default\">CentrumRozwoju.edu.pl<\/h2>\t\t\t\t<\/div>\n\t\t\t\t<\/div>\n\t\t\t\t\t<\/div>\n\t\t<\/div>\n\t\t\t\t<div class=\"elementor-column elementor-col-50 elementor-top-column elementor-element elementor-element-eb41a9c\" data-id=\"eb41a9c\" data-element_type=\"column\" data-e-type=\"column\">\n\t\t\t<div class=\"elementor-widget-wrap elementor-element-populated\">\n\t\t\t\t\t\t<div class=\"elementor-element elementor-element-f616835 elementor-align-right elementor-mobile-align-center elementor-widget elementor-widget-button\" data-id=\"f616835\" data-element_type=\"widget\" data-e-type=\"widget\" data-widget_type=\"button.default\">\n\t\t\t\t<div class=\"elementor-widget-container\">\n\t\t\t\t\t\t\t\t\t<div class=\"elementor-button-wrapper\">\n\t\t\t\t\t<a class=\"elementor-button elementor-button-link elementor-size-sm\" href=\"#\">\n\t\t\t\t\t\t<span class=\"elementor-button-content-wrapper\">\n\t\t\t\t\t\t\t\t\t<span class=\"elementor-button-text\">CELE STATUTOWE<\/span>\n\t\t\t\t\t<\/span>\n\t\t\t\t\t<\/a>\n\t\t\t\t<\/div>\n\t\t\t\t\t\t\t\t<\/div>\n\t\t\t\t<\/div>\n\t\t\t\t\t<\/div>\n\t\t<\/div>\n\t\t\t\t\t<\/div>\n\t\t<\/section>\n\t\t\t\t<section class=\"elementor-section elementor-top-section elementor-element elementor-element-f790d39 elementor-section-boxed elementor-section-height-default elementor-section-height-default\" data-id=\"f790d39\" data-element_type=\"section\" data-e-type=\"section\">\n\t\t\t\t\t\t<div class=\"elementor-container elementor-column-gap-default\">\n\t\t\t\t\t<div class=\"elementor-column elementor-col-100 elementor-top-column elementor-element elementor-element-b6a44fb\" data-id=\"b6a44fb\" data-element_type=\"column\" data-e-type=\"column\">\n\t\t\t<div class=\"elementor-widget-wrap elementor-element-populated\">\n\t\t\t\t\t\t<div class=\"elementor-element elementor-element-b384a73 elementor-widget elementor-widget-text-editor\" data-id=\"b384a73\" data-element_type=\"widget\" data-e-type=\"widget\" data-widget_type=\"text-editor.default\">\n\t\t\t\t<div class=\"elementor-widget-container\">\n\t\t\t\t\t\t\t\t\t<p style=\"text-align: center;\">W Centrum Rozwoju rozpatrujemy przysz\u0142os\u0301c\u0301 w kategoriach szans i zagroz\u0307en\u0301, kto\u0301re warunkuja\u0328\u00a0funkcjonowanie\u00a0poszczego\u0301lnych uczelni, jak i ca\u0142ego systemu szkolnictwa wyz\u0307szego. Wybieganie do przodu pozwala nam precyzyjnie zaplanowac\u0301 dzia\u0142ania na rzecz rozwoju oraz przewidziec\u0301 moz\u0307liwe skutki niepoz\u0307a\u0328danych zjawisk, dzie\u0328ki czemu stawiamy na innowacyjne\u00a0rozwia\u0328zania, kto\u0301re sa\u0328 tworzone w oparciu o najwyz\u0307sza\u0328 jakos\u0301c\u0301 prowadzonych analiz i badan\u0301 s\u0301rodowiskowych. Dos\u0301wiadczenie, kto\u0301re zebralis\u0301my w czasie kilkuletniej dzia\u0142alnos\u0301ci, takz\u0307e poprzez wspo\u0301\u0142prace\u0328 z dziesia\u0328tkami eksperto\u0301w z zakresu prawa czy nauk o zarza\u0328dzaniu i jakos\u0301ci,\u00a0pomagaja\u0328 nam w konsekwentnym planowaniu s\u0301ciez\u0307ki rozwoju i wypracowaniu wartos\u0301ciowych rozwia\u0328zan\u0301, kto\u0301rymi na co dzien\u0301 dzielimy sie\u0328 ze s\u0301rodowiskiem akademickim w Polsce.\u00a0Od\u00a0samego pocza\u0328tku funkcjonowania na polskim rynku stale zwie\u0328kszamy nasze zasoby ludzkieoraz wiedzy, kto\u0301re pozwalaja\u0328 poszerzac\u0301 obszary dzia\u0142alnos\u0301ci oraz stawiac\u0301 sobie coraz to nowe wyzwania w obliczu ambitnego celu, jakim jest dbanie o najwyz\u0307sza\u0328 jakos\u0301c\u0301 kszta\u0142cenia\u00a0i\u00a0prowadzonych badan\u0301 w polskim systemie szkolnictwa wyz\u0307szego. Wraz z rozwojem organizacji\u00a0i realizacja\u0328 plano\u0301w zwia\u0328zanych z pocza\u0328tkowymi etapami prowadzenia dzia\u0142alnos\u0301ci, do kto\u0301rych nalez\u0307a\u0142y\u00a0mie\u0328dzy innymi pozyskanie najlepszych specjalisto\u0301w w swoich dziedzinach oraz zbudowanie rozpoznawalnos\u0301ci, pojawi\u0142a sie\u0328 koniecznos\u0301c\u0301\u00a0zebrania ambicji wszystkich naszych\u00a0wspo\u0301\u0142pracowniko\u0301w i uje\u0328cia ich w dokumencie strategicznym, kto\u0301ry w skonkretyzowany sposo\u0301b przedstawi cele, kto\u0301re chcielibys\u0301my realizowac\u0301 w kolejnych latach oraz obszary, w jakich chcielibys\u0301my sie\u0328 rozwijac\u0301. Doprowadzi\u0142o to do powstania niniejszej strategii rozwoju\u00a0organizacji, kto\u0301ra jest wynikiem niezliczonych spotkan\u0301, rozmo\u0301w i dyskusji o kszta\u0142cie podmiotu, kto\u0301ry zgodnie z za\u0142oz\u0307eniami ma stac\u0301 sie\u0328 wartos\u0301ciowym wsparciem i motorem pozytywnych zmian w polskiej nauce i badaniach, jakos\u0301ci kszta\u0142cenia oraz porza\u0328dku prawnym warunkuja\u0328cym funkcjonowanie ca\u0142ego szkolnictwa wyz\u0307szego.<\/p><p>\u00a0<\/p><p style=\"text-align: center;\">Partnerstwo i relacje oparte na zaufaniu sa\u0328 dla nas kluczowe przy proponowaniu rozwia\u0328zan\u0301 doskonala\u0328cych roz\u0307ne aspekty funkcjonowania podmioto\u0301w szkolnictwa wyz\u0307szego. Ta mys\u0301l nieustannie towarzyszy\u0142a nam przy budowaniu strategii rozwoju naszej organizacji, kto\u0301ra\u0328 z duma\u0328 prezentujemy i zobowia\u0328zujemy sie\u0328 do jej konsekwentnego wdraz\u0307ania, co w naszej wierze przyczyni sie\u0328 do polepszenia sytuacji polskiej nauki, jakos\u0301ci kszta\u0142cenia i pozycji\u00a0polskich uczelni\u00a0na arenie mie\u0328dzynarodowej.<\/p><p>\u00a0<\/p><p style=\"text-align: center;\">Ostatnie lata w szkolnictwie wyz\u0307szym to okres nieustannych zmian i pro\u0301b dostosowywania sie\u0328 do wyzwan\u0301 s\u0301wiata funkcjonuja\u0328cego w obliczu pandemii. Uczelnie zaro\u0301wno publiczne, jak i\u00a0prywatne stane\u0328\u0142y przed\u00a0ogromnym wyzwaniem\u00a0zwia\u0328zanym z prowadzeniem kszta\u0142cenia na odleg\u0142os\u0301c\u0301, ale takz\u0307e zarza\u0328dzania podmiotami w niespotykany dota\u0328d sposo\u0301b. Zupe\u0142nie nowa rzeczywistos\u0301c\u0301 wymusi\u0142a niejednokrotnie radykalne zmiany w\u00a0sposobie\u00a0kszta\u0142cenia, kto\u0301re mia\u0142y i w dalszym cia\u0328gu maja\u0328 wp\u0142yw\u00a0na\u00a0jakos\u0301c\u0301 szkolnictwa wyz\u0307szego w Polsce.\u00a0Liczne badania i\u00a0analizy, kto\u0301re prowadzilis\u0301my w naszej organizacji wykaza\u0142y, z\u0307e pomimo sprostania wyzwaniom\u00a0i zapewnieniu moz\u0307liwos\u0301ci prowadzenia nauki i kszta\u0142cenia w nowej\u00a0formie, uczelnie sa\u0328 mniej\u00a0pewne przysz\u0142os\u0301ci i szukaja\u0328 nowych rozwia\u0328zan\u0301\u00a0przy zapewnieniu\u00a0stabilnos\u0301ci funkcjonowania. To w\u0142as\u0301nie w tych aspektach przydatna moz\u0307e okazac\u0301 sie\u0328 dzia\u0142alnos\u0301c\u0301 i zapewnione wsparcia ze strony naszej organizacji. Za\u0142oz\u0307enia niniejszej strategii pomoga\u0328 byc\u0301 nam wartos\u0301ciowym partnerem, kto\u0301ry pomoz\u0307e zaprojektowac\u0301 odpowiednie do\u00a0niepewnych\u00a0czaso\u0301w rozwia\u0328zania, kto\u0301re pozytywnie przyczynia\u0328 sie\u0328 do budowania stabilnej pozycji oraz wizerunku opartego\u00a0o\u00a0innowacje oraz najwyz\u0307sza\u0328 jakos\u0301c\u0301 w kaz\u0307dym aspekcie prowadzonej dzia\u0142alnos\u0301ci.<\/p><p style=\"text-align: center;\">\u00a0<\/p>\t\t\t\t\t\t\t\t<\/div>\n\t\t\t\t<\/div>\n\t\t\t\t\t<\/div>\n\t\t<\/div>\n\t\t\t\t\t<\/div>\n\t\t<\/section>\n\t\t\t\t<section class=\"elementor-section elementor-top-section elementor-element elementor-element-95ba4bb elementor-section-content-middle elementor-section-boxed elementor-section-height-default elementor-section-height-default\" data-id=\"95ba4bb\" data-element_type=\"section\" data-e-type=\"section\" data-settings=\"{&quot;background_background&quot;:&quot;classic&quot;}\">\n\t\t\t\t\t\t<div class=\"elementor-container elementor-column-gap-default\">\n\t\t\t\t\t<div class=\"elementor-column elementor-col-50 elementor-top-column elementor-element elementor-element-1554738\" data-id=\"1554738\" data-element_type=\"column\" data-e-type=\"column\">\n\t\t\t<div class=\"elementor-widget-wrap elementor-element-populated\">\n\t\t\t\t\t\t<div class=\"elementor-element elementor-element-35342f8 elementor-widget elementor-widget-heading\" data-id=\"35342f8\" data-element_type=\"widget\" data-e-type=\"widget\" data-widget_type=\"heading.default\">\n\t\t\t\t<div class=\"elementor-widget-container\">\n\t\t\t\t\t<h3 class=\"elementor-heading-title elementor-size-default\">Potrzebujesz Naszej pomocy? Napisz do Nas.<\/h3>\t\t\t\t<\/div>\n\t\t\t\t<\/div>\n\t\t\t\t\t<\/div>\n\t\t<\/div>\n\t\t\t\t<div class=\"elementor-column elementor-col-50 elementor-top-column elementor-element elementor-element-6e45dfd\" data-id=\"6e45dfd\" data-element_type=\"column\" data-e-type=\"column\">\n\t\t\t<div class=\"elementor-widget-wrap elementor-element-populated\">\n\t\t\t\t\t\t<div class=\"elementor-element elementor-element-0388291 elementor-align-right elementor-mobile-align-center elementor-widget elementor-widget-button\" data-id=\"0388291\" data-element_type=\"widget\" data-e-type=\"widget\" data-widget_type=\"button.default\">\n\t\t\t\t<div class=\"elementor-widget-container\">\n\t\t\t\t\t\t\t\t\t<div class=\"elementor-button-wrapper\">\n\t\t\t\t\t<a class=\"elementor-button elementor-button-link elementor-size-sm\" href=\"#\">\n\t\t\t\t\t\t<span class=\"elementor-button-content-wrapper\">\n\t\t\t\t\t\t\t\t\t<span class=\"elementor-button-text\">kontakt z nami<\/span>\n\t\t\t\t\t<\/span>\n\t\t\t\t\t<\/a>\n\t\t\t\t<\/div>\n\t\t\t\t\t\t\t\t<\/div>\n\t\t\t\t<\/div>\n\t\t\t\t\t<\/div>\n\t\t<\/div>\n\t\t\t\t\t<\/div>\n\t\t<\/section>\n\t\t\t\t<\/div>\n\t\t","protected":false},"excerpt":{"rendered":"<p>\u201cNie musisz by\u0107 \u015bwietny, by zacz\u0105\u0107,ale musisz zacz\u0105\u0107, by by\u0107 \u015bwietnym.\u201d CELE STATUOWE NASZE PROJEKTY NASZE PROJEKTY Poinformowani studenci Projekt pn. &#8222;Poinformowani [&hellip;]<\/p>\n","protected":false},"author":1,"featured_media":0,"parent":0,"menu_order":0,"comment_status":"closed","ping_status":"closed","template":"page-templates\/page_front-page.php","meta":{"footnotes":""},"class_list":["post-741","page","type-page","status-publish","hentry"],"_links":{"self":[{"href":"https:\/\/centrumrozwoju.edu.pl\/index.php\/wp-json\/wp\/v2\/pages\/741","targetHints":{"allow":["GET"]}}],"collection":[{"href":"https:\/\/centrumrozwoju.edu.pl\/index.php\/wp-json\/wp\/v2\/pages"}],"about":[{"href":"https:\/\/centrumrozwoju.edu.pl\/index.php\/wp-json\/wp\/v2\/types\/page"}],"author":[{"embeddable":true,"href":"https:\/\/centrumrozwoju.edu.pl\/index.php\/wp-json\/wp\/v2\/users\/1"}],"replies":[{"embeddable":true,"href":"https:\/\/centrumrozwoju.edu.pl\/index.php\/wp-json\/wp\/v2\/comments?post=741"}],"version-history":[{"count":21,"href":"https:\/\/centrumrozwoju.edu.pl\/index.php\/wp-json\/wp\/v2\/pages\/741\/revisions"}],"predecessor-version":[{"id":776,"href":"https:\/\/centrumrozwoju.edu.pl\/index.php\/wp-json\/wp\/v2\/pages\/741\/revisions\/776"}],"wp:attachment":[{"href":"https:\/\/centrumrozwoju.edu.pl\/index.php\/wp-json\/wp\/v2\/media?parent=741"}],"curies":[{"name":"wp","href":"https:\/\/api.w.org\/{rel}","templated":true}]}}